{"id":112,"date":"2025-07-12T11:45:44","date_gmt":"2025-07-12T11:45:44","guid":{"rendered":"https:\/\/bauspenglerei-lueoend.ch\/?page_id=112"},"modified":"2025-07-31T12:55:02","modified_gmt":"2025-07-31T12:55:02","slug":"unsere-dienstleistungen","status":"publish","type":"page","link":"https:\/\/bauspenglerei-lueoend.ch\/?page_id=112","title":{"rendered":"Unsere Dienstleistungen"},"content":{"rendered":"\n<p>Ob Einfamilienhaus, Gewerbebau oder Renovationsprojekt \u2013 wir bieten massgeschneiderte Dach- und Spenglerl\u00f6sungen.<br>Dabei stehen Qualit\u00e4t, Sicherheit und Langlebigkeit stets im Mittelpunkt unserer Arbeit.<\/p>\n\n\n\n<h5 class=\"wp-block-heading\"><strong>Spenglerarbeiten<\/strong> \u2013 professionelle Blechverarbeitung f\u00fcr Dach und Fassade<\/h5>\n\n\n\n<p>&#8211; Kamin- und Gaubenverkleidungen<br>&#8211; Dachrinnen und Ablaufrohre <br>&#8211; Blechd\u00e4cher und Mauerabdeckungen<br>&#8211; Fassaden- und Ortgangverkleidungen<br>&#8211; individuelle Sonderanfertigungen aus Blech<\/p>\n\n\n\n<p><\/p>\n\n\n\n<h5 class=\"wp-block-heading\"><strong>Steildach<\/strong> \u2013 klassisch, robust und individuell gestaltet<\/h5>\n\n\n\n<p>&#8211; Neueindeckungen<br>&#8211; Dachsanierungen<br>&#8211; Unterdach-, Lattung- und W\u00e4rmed\u00e4mmarbeiten<br>&#8211; Reparaturen und Sturmschadenservice<\/p>\n\n\n\n<p><\/p>\n\n\n\n<h5 class=\"wp-block-heading\"><strong>Flachdach<\/strong> \u2013 dicht, langlebig und energieeffizient<\/h5>\n\n\n\n<p>&#8211; Abdichtung mit Bitumen oder Kunststoffbahnen<br>&#8211; Fl\u00fcssigkunststoffabdichtungen<br>&#8211; Sanierungen und Instandsetzung bestehende Flachd\u00e4cher<br>&#8211; regelm\u00e4ssige Wartung und Dachservice<\/p>\n\n\n\n<p><\/p>\n\n\n\n<p><\/p>\n\n\n\n<h5 class=\"wp-block-heading\"><strong>Reparatur und Unterhalt<\/strong> \u2013 schnell zur Stelle, wenns drauf ankommt<\/h5>\n\n\n\n<p><\/p>\n\n\n\n<p>&#8211; Kontrolle von Dachfl\u00e4chen, Anschl\u00fcssen und Entw\u00e4sserung<br>&#8211; Dachreparaturen oder Materialverschleiss<br>&#8211; Reinigung von Dachrinnen und Fallrohren<\/p>\n","protected":false},"excerpt":{"rendered":"<p>Ob Einfamilienhaus, Gewerbebau oder Renovationsprojekt \u2013 wir bieten massgeschneiderte Dach- und Spenglerl\u00f6sungen.Dabei stehen Qualit\u00e4t, Sicherheit und Langlebigkeit stets im Mittelpunkt unserer Arbeit. Spenglerarbeiten \u2013 professionelle Blechverarbeitung f\u00fcr Dach und Fassade &#8211; Kamin- und Gaubenverkleidungen&#8211; Dachrinnen und Ablaufrohre &#8211; Blechd\u00e4cher und Mauerabdeckungen&#8211; Fassaden- und Ortgangverkleidungen&#8211; individuelle Sonderanfertigungen aus Blech Steildach \u2013 klassisch, robust und individuell gestaltet&hellip;&nbsp;<a href=\"https:\/\/bauspenglerei-lueoend.ch\/?page_id=112\" rel=\"bookmark\"><span class=\"screen-reader-text\">Unsere Dienstleistungen<\/span><\/a><\/p>\n","protected":false},"author":1,"featured_media":0,"parent":0,"menu_order":0,"comment_status":"closed","ping_status":"closed","template":"","meta":{"neve_meta_sidebar":"","neve_meta_container":"","neve_meta_enable_content_width":"","neve_meta_content_width":0,"neve_meta_title_alignment":"","neve_meta_author_avatar":"","neve_post_elements_order":"","neve_meta_disable_header":"","neve_meta_disable_footer":"","neve_meta_disable_title":"","footnotes":""},"class_list":["post-112","page","type-page","status-publish","hentry"],"_links":{"self":[{"href":"https:\/\/bauspenglerei-lueoend.ch\/index.php?rest_route=\/wp\/v2\/pages\/112","targetHints":{"allow":["GET"]}}],"collection":[{"href":"https:\/\/bauspenglerei-lueoend.ch\/index.php?rest_route=\/wp\/v2\/pages"}],"about":[{"href":"https:\/\/bauspenglerei-lueoend.ch\/index.php?rest_route=\/wp\/v2\/types\/page"}],"author":[{"embeddable":true,"href":"https:\/\/bauspenglerei-lueoend.ch\/index.php?rest_route=\/wp\/v2\/users\/1"}],"replies":[{"embeddable":true,"href":"https:\/\/bauspenglerei-lueoend.ch\/index.php?rest_route=%2Fwp%2Fv2%2Fcomments&post=112"}],"version-history":[{"count":26,"href":"https:\/\/bauspenglerei-lueoend.ch\/index.php?rest_route=\/wp\/v2\/pages\/112\/revisions"}],"predecessor-version":[{"id":217,"href":"https:\/\/bauspenglerei-lueoend.ch\/index.php?rest_route=\/wp\/v2\/pages\/112\/revisions\/217"}],"wp:attachment":[{"href":"https:\/\/bauspenglerei-lueoend.ch\/index.php?rest_route=%2Fwp%2Fv2%2Fmedia&parent=112"}],"curies":[{"name":"wp","href":"https:\/\/api.w.org\/{rel}","templated":true}]}}