{"id":13,"date":"2025-06-14T19:05:43","date_gmt":"2025-06-14T19:05:43","guid":{"rendered":"https:\/\/bauspenglerei-lueoend.ch\/?page_id=13"},"modified":"2025-07-12T11:52:33","modified_gmt":"2025-07-12T11:52:33","slug":"willkommen-bei-der-lueend-gmbh","status":"publish","type":"page","link":"https:\/\/bauspenglerei-lueoend.ch\/","title":{"rendered":"Willkommen bei der Bauspenglerei L\u00dc\u00d6ND GmbH"},"content":{"rendered":"\n<p><\/p>\n\n\n\n<h2 class=\"wp-block-heading\">Ihr Partner f\u00fcr Spenglerarbeiten, Flach- und Steild\u00e4cher<\/h2>\n\n\n\n<p>Ob Neubau oder Sanierung, ob kleines Detail oder grosses Projekt \u2013 wir von der <strong>Bauspenglerei L\u00dc\u00d6ND GmbH<\/strong> sind Ihr zuverl\u00e4ssiger Ansprechpartner<br>rund ums Dach. Mit Leidenschaft f\u00fcr Handwerk, langj\u00e4hriger Erfahrung und einem Auge f\u00fcrs Detail realisieren wir Spenglerarbeiten sowie Arbeiten an Flach- und Steild\u00e4chern \u2013 flexibel, termingerecht und unkompliziert.<\/p>\n\n\n\n<p>Wir stehen f\u00fcr saubere Handwerksarbeit, faire Beratung und termingerechte Ausf\u00fchrung.<br>Als regionaler Betrieb arbeiten wir pers\u00f6nlich, engagiert und gezieltem Fachwissen, damit Ihr Zuhause optimal gesch\u00fctzt ist \u2013 heute und in Zukunft.<\/p>\n\n\n\n<p><\/p>\n\n\n\n<p><\/p>\n\n\n\n<p><\/p>\n\n\n\n<h3 class=\"wp-block-heading\">Warum Bauspenglerei L\u00dc\u00d6ND GmbH?<\/h3>\n\n\n\n<p>\u2705 flexibel &amp; l\u00f6sungsorientiert<br>\u2705 verl\u00e4ssliche Termine &amp; faire Preise<br>\u2705 pers\u00f6nlicher Service ohne Umwege<\/p>\n\n\n\n<p><strong>Sie planen ein Projekt oder haben eine undichte Stelle am Dach?<\/strong><br>Kontaktieren Sie uns, wir sind f\u00fcr Sie da: z\u00fcgig, pers\u00f6nlich und kompetent.<\/p>\n\n\n\n<div class=\"wp-block-columns is-layout-flex wp-container-core-columns-is-layout-9d6595d7 wp-block-columns-is-layout-flex\">\n<div class=\"wp-block-column is-layout-flow wp-block-column-is-layout-flow\">\n<figure class=\"wp-block-image size-large\"><img loading=\"lazy\" decoding=\"async\" width=\"1024\" height=\"768\" src=\"https:\/\/bauspenglerei-lueoend.ch\/wp-content\/uploads\/2025\/06\/Spengler1-1024x768.jpeg\" alt=\"\" class=\"wp-image-21\" srcset=\"https:\/\/bauspenglerei-lueoend.ch\/wp-content\/uploads\/2025\/06\/Spengler1-1024x768.jpeg 1024w, https:\/\/bauspenglerei-lueoend.ch\/wp-content\/uploads\/2025\/06\/Spengler1-300x225.jpeg 300w, https:\/\/bauspenglerei-lueoend.ch\/wp-content\/uploads\/2025\/06\/Spengler1-768x576.jpeg 768w, https:\/\/bauspenglerei-lueoend.ch\/wp-content\/uploads\/2025\/06\/Spengler1-1536x1152.jpeg 1536w, https:\/\/bauspenglerei-lueoend.ch\/wp-content\/uploads\/2025\/06\/Spengler1-2048x1536.jpeg 2048w\" sizes=\"auto, (max-width: 1024px) 100vw, 1024px\" \/><\/figure>\n<\/div>\n\n\n\n<div class=\"wp-block-column is-layout-flow wp-block-column-is-layout-flow\">\n<figure class=\"wp-block-image size-full\"><img loading=\"lazy\" decoding=\"async\" width=\"900\" height=\"426\" src=\"https:\/\/bauspenglerei-lueoend.ch\/wp-content\/uploads\/2025\/06\/spengler-2.jpg\" alt=\"\" class=\"wp-image-22\" srcset=\"https:\/\/bauspenglerei-lueoend.ch\/wp-content\/uploads\/2025\/06\/spengler-2.jpg 900w, https:\/\/bauspenglerei-lueoend.ch\/wp-content\/uploads\/2025\/06\/spengler-2-300x142.jpg 300w, https:\/\/bauspenglerei-lueoend.ch\/wp-content\/uploads\/2025\/06\/spengler-2-768x364.jpg 768w\" sizes=\"auto, (max-width: 900px) 100vw, 900px\" \/><\/figure>\n<\/div>\n<\/div>\n\n\n\n<p><\/p>\n","protected":false},"excerpt":{"rendered":"<p>Ihr Partner f\u00fcr Spenglerarbeiten, Flach- und Steild\u00e4cher Ob Neubau oder Sanierung, ob kleines Detail oder grosses Projekt \u2013 wir von der Bauspenglerei L\u00dc\u00d6ND GmbH sind Ihr zuverl\u00e4ssiger Ansprechpartnerrund ums Dach. Mit Leidenschaft f\u00fcr Handwerk, langj\u00e4hriger Erfahrung und einem Auge f\u00fcrs Detail realisieren wir Spenglerarbeiten sowie Arbeiten an Flach- und Steild\u00e4chern \u2013 flexibel, termingerecht und unkompliziert.&hellip;&nbsp;<a href=\"https:\/\/bauspenglerei-lueoend.ch\/\" rel=\"bookmark\"><span class=\"screen-reader-text\">Willkommen bei der Bauspenglerei L\u00dc\u00d6ND GmbH<\/span><\/a><\/p>\n","protected":false},"author":1,"featured_media":0,"parent":0,"menu_order":0,"comment_status":"closed","ping_status":"closed","template":"","meta":{"neve_meta_sidebar":"","neve_meta_container":"","neve_meta_enable_content_width":"","neve_meta_content_width":0,"neve_meta_title_alignment":"","neve_meta_author_avatar":"","neve_post_elements_order":"","neve_meta_disable_header":"","neve_meta_disable_footer":"","neve_meta_disable_title":"","footnotes":""},"class_list":["post-13","page","type-page","status-publish","hentry"],"_links":{"self":[{"href":"https:\/\/bauspenglerei-lueoend.ch\/index.php?rest_route=\/wp\/v2\/pages\/13","targetHints":{"allow":["GET"]}}],"collection":[{"href":"https:\/\/bauspenglerei-lueoend.ch\/index.php?rest_route=\/wp\/v2\/pages"}],"about":[{"href":"https:\/\/bauspenglerei-lueoend.ch\/index.php?rest_route=\/wp\/v2\/types\/page"}],"author":[{"embeddable":true,"href":"https:\/\/bauspenglerei-lueoend.ch\/index.php?rest_route=\/wp\/v2\/users\/1"}],"replies":[{"embeddable":true,"href":"https:\/\/bauspenglerei-lueoend.ch\/index.php?rest_route=%2Fwp%2Fv2%2Fcomments&post=13"}],"version-history":[{"count":15,"href":"https:\/\/bauspenglerei-lueoend.ch\/index.php?rest_route=\/wp\/v2\/pages\/13\/revisions"}],"predecessor-version":[{"id":138,"href":"https:\/\/bauspenglerei-lueoend.ch\/index.php?rest_route=\/wp\/v2\/pages\/13\/revisions\/138"}],"wp:attachment":[{"href":"https:\/\/bauspenglerei-lueoend.ch\/index.php?rest_route=%2Fwp%2Fv2%2Fmedia&parent=13"}],"curies":[{"name":"wp","href":"https:\/\/api.w.org\/{rel}","templated":true}]}}