{"id":70,"date":"2025-07-11T17:35:16","date_gmt":"2025-07-11T17:35:16","guid":{"rendered":"https:\/\/bauspenglerei-lueoend.ch\/?page_id=70"},"modified":"2025-07-26T11:42:58","modified_gmt":"2025-07-26T11:42:58","slug":"kontakt","status":"publish","type":"page","link":"https:\/\/bauspenglerei-lueoend.ch\/?page_id=70","title":{"rendered":"Kontakt"},"content":{"rendered":"\n<p>Bei Interesse oder offenen Fragen freuen wir uns darauf, von Ihnen zu h\u00f6ren.<br><strong><br>Ansprechpartner<\/strong><br>Kim L\u00fc\u00f6nd<br><strong>\u260e<\/strong> Telefon: +41 79 363 60 56<br>\u2709 E-Mail: info@bauspenglerei-lueoend.ch<\/p>\n\n\n\n<p><\/p>\n\n\n\n<p><strong>\u00d6ffnungszeiten<\/strong><br>MO \u2013 FR:<br>08.00 \u2013 12.00 Uhr<br>13.00 \u2013 17.00 Uhr<\/p>\n\n\n\n<p><strong>Adresse<\/strong><br>Bauspenglerei L\u00fc\u00f6nd GmbH<br>Hauptstrasse 70<br>8225 Siblingen<\/p>\n\n\n\n<iframe src=\"https:\/\/www.google.com\/maps\/embed?pb=!1m18!1m12!1m3!1d2684.43778895361!2d8.514593076272421!3d47.7147516712!2m3!1f0!2f0!3f0!3m2!1i1024!2i768!4f13.1!3m3!1m2!1s0x270884f25c4161af%3A0x6a097630f5c7f967!2sBauspenglerei%20L%C3%BC%C3%B6nd%20GmbH!5e0!3m2!1sde!2sch!4v1752256724327!5m2!1sde!2sch\" width=\"600\" height=\"450\" style=\"border:0;\" allowfullscreen=\"\" loading=\"lazy\" referrerpolicy=\"no-referrer-when-downgrade\"><\/iframe>\n\n\n\n<p><br><\/p>\n","protected":false},"excerpt":{"rendered":"<p>Bei Interesse oder offenen Fragen freuen wir uns darauf, von Ihnen zu h\u00f6ren.AnsprechpartnerKim L\u00fc\u00f6nd\u260e Telefon: +41 79 363 60 56\u2709 E-Mail: info@bauspenglerei-lueoend.ch \u00d6ffnungszeitenMO \u2013 FR:08.00 \u2013 12.00 Uhr13.00 \u2013 17.00 Uhr AdresseBauspenglerei L\u00fc\u00f6nd GmbHHauptstrasse 708225 Siblingen<\/p>\n","protected":false},"author":1,"featured_media":0,"parent":0,"menu_order":0,"comment_status":"closed","ping_status":"closed","template":"","meta":{"neve_meta_sidebar":"","neve_meta_container":"","neve_meta_enable_content_width":"","neve_meta_content_width":0,"neve_meta_title_alignment":"","neve_meta_author_avatar":"","neve_post_elements_order":"","neve_meta_disable_header":"","neve_meta_disable_footer":"","neve_meta_disable_title":"","footnotes":""},"class_list":["post-70","page","type-page","status-publish","hentry"],"_links":{"self":[{"href":"https:\/\/bauspenglerei-lueoend.ch\/index.php?rest_route=\/wp\/v2\/pages\/70","targetHints":{"allow":["GET"]}}],"collection":[{"href":"https:\/\/bauspenglerei-lueoend.ch\/index.php?rest_route=\/wp\/v2\/pages"}],"about":[{"href":"https:\/\/bauspenglerei-lueoend.ch\/index.php?rest_route=\/wp\/v2\/types\/page"}],"author":[{"embeddable":true,"href":"https:\/\/bauspenglerei-lueoend.ch\/index.php?rest_route=\/wp\/v2\/users\/1"}],"replies":[{"embeddable":true,"href":"https:\/\/bauspenglerei-lueoend.ch\/index.php?rest_route=%2Fwp%2Fv2%2Fcomments&post=70"}],"version-history":[{"count":17,"href":"https:\/\/bauspenglerei-lueoend.ch\/index.php?rest_route=\/wp\/v2\/pages\/70\/revisions"}],"predecessor-version":[{"id":211,"href":"https:\/\/bauspenglerei-lueoend.ch\/index.php?rest_route=\/wp\/v2\/pages\/70\/revisions\/211"}],"wp:attachment":[{"href":"https:\/\/bauspenglerei-lueoend.ch\/index.php?rest_route=%2Fwp%2Fv2%2Fmedia&parent=70"}],"curies":[{"name":"wp","href":"https:\/\/api.w.org\/{rel}","templated":true}]}}